{"id":84118,"date":"2026-05-08T12:56:07","date_gmt":"2026-05-08T17:56:07","guid":{"rendered":"https:\/\/cpsplimaycallao.org.pe\/pagos\/?post_type=product&#038;p=84118"},"modified":"2026-05-08T12:57:07","modified_gmt":"2026-05-08T17:57:07","slug":"conf-13mayo2026","status":"publish","type":"product","link":"https:\/\/cpsplimaycallao.org.pe\/pagos\/producto\/conf-13mayo2026\/","title":{"rendered":"Uso de la Inteligencia Artificial, \u00c9tica, Equidad Algor\u00edtmica y Responsabilidad Social en la Evaluaci\u00f3n Psicol\u00f3gica"},"content":{"rendered":"<h4><strong>Ponente:<\/strong><br \/>\n<strong>Ps. \u00c1ngel Garc\u00eda<\/strong><\/h4>\n<p><strong>Certificado (opcional, registrar asistencia en el evento) S\/ 20<\/strong><br \/>\n<strong>Contacto al 905 454 487<\/strong><\/p>\n<p><strong>Mi\u00e9rcoles 13 de mayo de 2026<\/strong><br \/>\n<strong>de 7:00pm &#8211; 8:30pm.<\/strong><\/p>\n<p><em><strong>Nota.- Al realizar el pago en l\u00ednea recuerde digitar correctamente su n\u00famero de DNI o CE<\/strong><\/em><\/p>\n","protected":false},"excerpt":{"rendered":"<h4><strong>Ponente:<\/strong><br \/>\n<strong>Ps. \u00c1ngel Garc\u00eda<\/strong><\/h4>\n<p><strong>Certificado (opcional, registrar asistencia en el evento) S\/ 20<\/strong><br \/>\n<strong>Contacto al 905 454 487<\/strong><\/p>\n<p><strong>Mi\u00e9rcoles 13 de mayo de 2026<\/strong><br \/>\n<strong>de 7:00pm &#8211; 8:30pm.<\/strong><\/p>\n<p><em><strong>Nota.- Al realizar el pago en l\u00ednea recuerde digitar correctamente su n\u00famero de DNI o CE<\/strong><\/em><\/p>\n","protected":false},"featured_media":84122,"template":"","meta":{"_et_pb_use_builder":"","_et_pb_old_content":"","_et_gb_content_width":""},"product_brand":[],"product_cat":[23],"product_tag":[],"class_list":{"0":"post-84118","1":"product","2":"type-product","3":"status-publish","4":"has-post-thumbnail","6":"product_cat-cursos-y-conferencias","8":"first","9":"instock","10":"virtual","11":"purchasable","12":"product-type-simple"},"tiered_pricing_type":"fixed","tiered_pricing_fixed_rules":[],"tiered_pricing_product_settings":{"layout":"default","base_unit_name":{"singular":null,"plural":null},"default_variation":null},"tiered_pricing_minimum_quantity":null,"tiered_pricing_roles_data":[],"tiered_pricing_percentage_rules":[],"_links":{"self":[{"href":"https:\/\/cpsplimaycallao.org.pe\/pagos\/wp-json\/wp\/v2\/product\/84118","targetHints":{"allow":["GET"]}}],"collection":[{"href":"https:\/\/cpsplimaycallao.org.pe\/pagos\/wp-json\/wp\/v2\/product"}],"about":[{"href":"https:\/\/cpsplimaycallao.org.pe\/pagos\/wp-json\/wp\/v2\/types\/product"}],"wp:featuredmedia":[{"embeddable":true,"href":"https:\/\/cpsplimaycallao.org.pe\/pagos\/wp-json\/wp\/v2\/media\/84122"}],"wp:attachment":[{"href":"https:\/\/cpsplimaycallao.org.pe\/pagos\/wp-json\/wp\/v2\/media?parent=84118"}],"wp:term":[{"taxonomy":"product_brand","embeddable":true,"href":"https:\/\/cpsplimaycallao.org.pe\/pagos\/wp-json\/wp\/v2\/product_brand?post=84118"},{"taxonomy":"product_cat","embeddable":true,"href":"https:\/\/cpsplimaycallao.org.pe\/pagos\/wp-json\/wp\/v2\/product_cat?post=84118"},{"taxonomy":"product_tag","embeddable":true,"href":"https:\/\/cpsplimaycallao.org.pe\/pagos\/wp-json\/wp\/v2\/product_tag?post=84118"}],"curies":[{"name":"wp","href":"https:\/\/api.w.org\/{rel}","templated":true}]}}