{"id":80,"date":"2024-02-03T18:17:47","date_gmt":"2024-02-03T18:17:47","guid":{"rendered":"https:\/\/cpsplimaycallao.org.pe\/pagos\/?post_type=product&#038;p=80"},"modified":"2025-05-26T11:13:30","modified_gmt":"2025-05-26T16:13:30","slug":"constancia-de-habilidad","status":"publish","type":"product","link":"https:\/\/cpsplimaycallao.org.pe\/pagos\/producto\/constancia-de-habilidad\/","title":{"rendered":"Constancia de Habilidad"},"content":{"rendered":"<ul>\n<li>Pague el derecho de emisi\u00f3n de la Constancia de Habilidad, este documento membretado, en formato A4, puede ser enviado a su correo electr\u00f3nico en formato PDF, o puede ser recogido en f\u00edsico coordinando con el \u00c1rea de Tesorer\u00eda a los tel\u00e9fonos: 960 990 963 \u2013 960 988 498 \u2013 905 454 401.<\/li>\n<\/ul>\n","protected":false},"excerpt":{"rendered":"<p style=\"text-align: center;\"><img loading=\"lazy\" decoding=\"async\" class=\"alignnone size-full wp-image-2054\" src=\"https:\/\/cpsplimaycallao.org.pe\/pagos\/wp-content\/uploads\/2024\/02\/logos-tarjetas-y40.png\" alt=\"\" width=\"248\" height=\"40\" \/><\/p>\n<ul>\n<li>Pague el derecho de emisi\u00f3n de la Constancia de Habilidad, este documento membretado, en formato A4, puede ser enviado a su correo electr\u00f3nico en formato PDF, o puede ser recogido en f\u00edsico coordinando con el \u00c1rea de Tesorer\u00eda a los tel\u00e9fonos: 960 990 963 \u2013 960 988 498 \u2013 905 454 401.<\/li>\n<\/ul>\n","protected":false},"featured_media":160,"template":"","meta":{"_et_pb_use_builder":"","_et_pb_old_content":"","_et_gb_content_width":""},"product_brand":[],"product_cat":[17,24],"product_tag":[],"class_list":{"0":"post-80","1":"product","2":"type-product","3":"status-publish","4":"has-post-thumbnail","6":"product_cat-documentos","7":"product_cat-tramites-y-tarifas","9":"first","10":"instock","11":"virtual","12":"purchasable","13":"product-type-simple"},"tiered_pricing_type":"fixed","tiered_pricing_fixed_rules":[],"tiered_pricing_product_settings":{"layout":"default","base_unit_name":{"singular":null,"plural":null},"default_variation":null},"tiered_pricing_minimum_quantity":null,"tiered_pricing_roles_data":[],"tiered_pricing_percentage_rules":[],"_links":{"self":[{"href":"https:\/\/cpsplimaycallao.org.pe\/pagos\/wp-json\/wp\/v2\/product\/80","targetHints":{"allow":["GET"]}}],"collection":[{"href":"https:\/\/cpsplimaycallao.org.pe\/pagos\/wp-json\/wp\/v2\/product"}],"about":[{"href":"https:\/\/cpsplimaycallao.org.pe\/pagos\/wp-json\/wp\/v2\/types\/product"}],"wp:featuredmedia":[{"embeddable":true,"href":"https:\/\/cpsplimaycallao.org.pe\/pagos\/wp-json\/wp\/v2\/media\/160"}],"wp:attachment":[{"href":"https:\/\/cpsplimaycallao.org.pe\/pagos\/wp-json\/wp\/v2\/media?parent=80"}],"wp:term":[{"taxonomy":"product_brand","embeddable":true,"href":"https:\/\/cpsplimaycallao.org.pe\/pagos\/wp-json\/wp\/v2\/product_brand?post=80"},{"taxonomy":"product_cat","embeddable":true,"href":"https:\/\/cpsplimaycallao.org.pe\/pagos\/wp-json\/wp\/v2\/product_cat?post=80"},{"taxonomy":"product_tag","embeddable":true,"href":"https:\/\/cpsplimaycallao.org.pe\/pagos\/wp-json\/wp\/v2\/product_tag?post=80"}],"curies":[{"name":"wp","href":"https:\/\/api.w.org\/{rel}","templated":true}]}}