{"id":75757,"date":"2026-04-04T12:59:27","date_gmt":"2026-04-04T17:59:27","guid":{"rendered":"https:\/\/cpsplimaycallao.org.pe\/pagos\/?post_type=product&#038;p=75757"},"modified":"2026-04-04T12:59:28","modified_gmt":"2026-04-04T17:59:28","slug":"precongreso-16abril","status":"publish","type":"product","link":"https:\/\/cpsplimaycallao.org.pe\/pagos\/producto\/precongreso-16abril\/","title":{"rendered":"Conferencia Virtual: Mas All\u00e1 del Estr\u00e9s Laboral, estrategias para Comprenderlo desde la Psicolog\u00eda de la Salud"},"content":{"rendered":"<h4><strong>Ponente:<\/strong><br \/>\n<strong>Ps. Andrea Ortiz<\/strong><\/p>\n<p><strong>Certificado (opcional, registrar asistencia en el evento) S\/ 20<\/strong><br \/>\n<strong>Contacto al 905 454 487<\/strong><\/h4>\n<p><strong>16 de abril de 2026<\/strong><br \/>\n<strong>de 8pm &#8211; 9:30pm.<\/strong><\/p>\n<p><em><strong>Nota.- Al realizar el pago en l\u00ednea recuerde digitar correctamente su n\u00famero de DNI o CE<\/strong><\/em><\/p>\n","protected":false},"excerpt":{"rendered":"<h4><strong>Ponente:<\/strong><br \/>\n<strong>Ps. Andrea Ortiz<\/strong><\/p>\n<p><strong>Certificado (opcional, registrar asistencia en el evento) S\/ 20<\/strong><br \/>\n<strong>Contacto al 905 454 487<\/strong><\/h4>\n<p><strong>16 de abril de 2026<\/strong><br \/>\n<strong>de 8pm &#8211; 9:30pm.<\/strong><\/p>\n<p><em><strong>Nota.- Al realizar el pago en l\u00ednea recuerde digitar correctamente su n\u00famero de DNI o CE<\/strong><\/em><\/p>\n","protected":false},"featured_media":75759,"template":"","meta":{"_et_pb_use_builder":"","_et_pb_old_content":"","_et_gb_content_width":""},"product_brand":[],"product_cat":[35,23],"product_tag":[],"class_list":{"0":"post-75757","1":"product","2":"type-product","3":"status-publish","4":"has-post-thumbnail","6":"product_cat-congreso-2026","7":"product_cat-cursos-y-conferencias","9":"first","10":"instock","11":"virtual","12":"purchasable","13":"product-type-simple"},"tiered_pricing_type":"fixed","tiered_pricing_fixed_rules":[],"tiered_pricing_product_settings":{"layout":"default","base_unit_name":{"singular":null,"plural":null},"default_variation":null},"tiered_pricing_minimum_quantity":null,"tiered_pricing_roles_data":[],"tiered_pricing_percentage_rules":[],"_links":{"self":[{"href":"https:\/\/cpsplimaycallao.org.pe\/pagos\/wp-json\/wp\/v2\/product\/75757","targetHints":{"allow":["GET"]}}],"collection":[{"href":"https:\/\/cpsplimaycallao.org.pe\/pagos\/wp-json\/wp\/v2\/product"}],"about":[{"href":"https:\/\/cpsplimaycallao.org.pe\/pagos\/wp-json\/wp\/v2\/types\/product"}],"wp:featuredmedia":[{"embeddable":true,"href":"https:\/\/cpsplimaycallao.org.pe\/pagos\/wp-json\/wp\/v2\/media\/75759"}],"wp:attachment":[{"href":"https:\/\/cpsplimaycallao.org.pe\/pagos\/wp-json\/wp\/v2\/media?parent=75757"}],"wp:term":[{"taxonomy":"product_brand","embeddable":true,"href":"https:\/\/cpsplimaycallao.org.pe\/pagos\/wp-json\/wp\/v2\/product_brand?post=75757"},{"taxonomy":"product_cat","embeddable":true,"href":"https:\/\/cpsplimaycallao.org.pe\/pagos\/wp-json\/wp\/v2\/product_cat?post=75757"},{"taxonomy":"product_tag","embeddable":true,"href":"https:\/\/cpsplimaycallao.org.pe\/pagos\/wp-json\/wp\/v2\/product_tag?post=75757"}],"curies":[{"name":"wp","href":"https:\/\/api.w.org\/{rel}","templated":true}]}}