{"id":67508,"date":"2026-02-21T11:46:47","date_gmt":"2026-02-21T16:46:47","guid":{"rendered":"https:\/\/cpsplimaycallao.org.pe\/pagos\/?post_type=product&#038;p=67508"},"modified":"2026-02-21T12:36:55","modified_gmt":"2026-02-21T17:36:55","slug":"curso-07marz-2026-hab","status":"publish","type":"product","link":"https:\/\/cpsplimaycallao.org.pe\/pagos\/producto\/curso-07marz-2026-hab\/","title":{"rendered":"[C HAB] Curso de actualizaci\u00f3n Detecci\u00f3n de dificultades de aprendizaje en contextos educativos y propuestas de acci\u00f3n"},"content":{"rendered":"<h4><strong>Ponentes:<\/strong><br \/>\n<strong>&#8211; Mg. Fernando V\u00edlchez<\/strong><br \/>\n<strong>&#8211; Mg. Ana Raquel Rojas<\/strong><\/h4>\n<p><strong>Certificado (opcional, registrar asistencia en el evento) S\/ 20<\/strong><br \/>\n<strong>Contacto al 905 454 487<\/strong><\/p>\n<p><strong>Marzo 07, 14, 21, 28 de 2026<\/strong><br \/>\n<strong>de 3pm &#8211; 6pm.<\/strong><\/p>\n<p><em><strong>Nota.- Al realizar el pago en l\u00ednea recuerde digitar correctamente su n\u00famero de DNI o CE<\/strong><\/em><\/p>\n<p><strong>Modalidad presencial &#8211; 24 horas certificadas<\/strong><\/p>\n","protected":false},"excerpt":{"rendered":"<h4><strong>Ponentes:<\/strong><br \/>\n<strong>&#8211; Mg. Fernando V\u00edlchez<\/strong><br \/>\n<strong>&#8211; Mg. Ana Raquel Rojas<\/strong><\/h4>\n<p><strong>Certificado (opcional, registrar asistencia en el evento) S\/ 20<\/strong><br \/>\n<strong>Contacto al 905 454 487<\/strong><\/p>\n<p><strong>Marzo 07, 14, 21, 28 de 2026<\/strong><br \/>\n<strong>de 3pm &#8211; 6pm.<\/strong><\/p>\n<p><em><strong>Nota.- Al realizar el pago en l\u00ednea recuerde digitar correctamente su n\u00famero de DNI o CE<\/strong><\/em><\/p>\n<p><strong>Modalidad presencial &#8211; 24 horas certificadas<\/strong><\/p>\n","protected":false},"featured_media":67509,"template":"","meta":{"_et_pb_use_builder":"","_et_pb_old_content":"","_et_gb_content_width":""},"product_brand":[],"product_cat":[23],"product_tag":[],"class_list":{"0":"post-67508","1":"product","2":"type-product","3":"status-publish","4":"has-post-thumbnail","6":"product_cat-cursos-y-conferencias","8":"first","9":"instock","10":"virtual","11":"purchasable","12":"product-type-simple"},"tiered_pricing_type":"fixed","tiered_pricing_fixed_rules":[],"tiered_pricing_product_settings":{"layout":"default","base_unit_name":{"singular":null,"plural":null},"default_variation":null},"tiered_pricing_minimum_quantity":null,"tiered_pricing_roles_data":[],"tiered_pricing_percentage_rules":[],"_links":{"self":[{"href":"https:\/\/cpsplimaycallao.org.pe\/pagos\/wp-json\/wp\/v2\/product\/67508","targetHints":{"allow":["GET"]}}],"collection":[{"href":"https:\/\/cpsplimaycallao.org.pe\/pagos\/wp-json\/wp\/v2\/product"}],"about":[{"href":"https:\/\/cpsplimaycallao.org.pe\/pagos\/wp-json\/wp\/v2\/types\/product"}],"wp:featuredmedia":[{"embeddable":true,"href":"https:\/\/cpsplimaycallao.org.pe\/pagos\/wp-json\/wp\/v2\/media\/67509"}],"wp:attachment":[{"href":"https:\/\/cpsplimaycallao.org.pe\/pagos\/wp-json\/wp\/v2\/media?parent=67508"}],"wp:term":[{"taxonomy":"product_brand","embeddable":true,"href":"https:\/\/cpsplimaycallao.org.pe\/pagos\/wp-json\/wp\/v2\/product_brand?post=67508"},{"taxonomy":"product_cat","embeddable":true,"href":"https:\/\/cpsplimaycallao.org.pe\/pagos\/wp-json\/wp\/v2\/product_cat?post=67508"},{"taxonomy":"product_tag","embeddable":true,"href":"https:\/\/cpsplimaycallao.org.pe\/pagos\/wp-json\/wp\/v2\/product_tag?post=67508"}],"curies":[{"name":"wp","href":"https:\/\/api.w.org\/{rel}","templated":true}]}}