{"id":63916,"date":"2026-02-02T17:16:48","date_gmt":"2026-02-02T22:16:48","guid":{"rendered":"https:\/\/cpsplimaycallao.org.pe\/pagos\/?post_type=product&#038;p=63916"},"modified":"2026-02-02T20:42:37","modified_gmt":"2026-02-03T01:42:37","slug":"conferencia-10-feb-2026","status":"publish","type":"product","link":"https:\/\/cpsplimaycallao.org.pe\/pagos\/producto\/conferencia-10-feb-2026\/","title":{"rendered":"T\u00e9cnicas Psicoterap\u00e9uticas Para la Intervenci\u00f3n de Parejas en Crisis"},"content":{"rendered":"<h4><strong>Ponente:<\/strong><br \/>\n<strong>Ps. Diego Almandoz<\/strong><\/h4>\n<p>Certificado (opcional, registrar asistencia en el evento) S\/ 20<br \/>\nContacto al 905 454 487<\/p>\n<p>10 de febrero de 2026<br \/>\nde 7pm &#8211; 8:30pm.<\/p>\n<p><em><strong>Nota.- Al realizar el pago en l\u00ednea recuerde digitar correctamente su n\u00famero de DNI o CE<\/strong><\/em><\/p>\n<p>&nbsp;<\/p>\n","protected":false},"excerpt":{"rendered":"<h4><strong>Ponente:<\/strong><br \/>\n<strong>Ps. Diego Almandoz<\/strong><\/h4>\n<p>Certificado (opcional, registrar asistencia en el evento) S\/ 20<br \/>\nContacto al 905 454 487<\/p>\n<p>10 de febrero de 2026<br \/>\nde 7pm &#8211; 8:30pm.<\/p>\n<p><em><strong>Nota.- Al realizar el pago en l\u00ednea recuerde digitar correctamente su n\u00famero de DNI o CE<\/strong><\/em><\/p>\n","protected":false},"featured_media":63917,"template":"","meta":{"_et_pb_use_builder":"","_et_pb_old_content":"","_et_gb_content_width":""},"product_brand":[],"product_cat":[23],"product_tag":[],"class_list":{"0":"post-63916","1":"product","2":"type-product","3":"status-publish","4":"has-post-thumbnail","6":"product_cat-cursos-y-conferencias","8":"first","9":"instock","10":"virtual","11":"purchasable","12":"product-type-simple"},"tiered_pricing_type":"fixed","tiered_pricing_fixed_rules":[],"tiered_pricing_product_settings":{"layout":"default","base_unit_name":{"singular":null,"plural":null},"default_variation":null},"tiered_pricing_minimum_quantity":null,"tiered_pricing_roles_data":[],"tiered_pricing_percentage_rules":[],"_links":{"self":[{"href":"https:\/\/cpsplimaycallao.org.pe\/pagos\/wp-json\/wp\/v2\/product\/63916","targetHints":{"allow":["GET"]}}],"collection":[{"href":"https:\/\/cpsplimaycallao.org.pe\/pagos\/wp-json\/wp\/v2\/product"}],"about":[{"href":"https:\/\/cpsplimaycallao.org.pe\/pagos\/wp-json\/wp\/v2\/types\/product"}],"wp:featuredmedia":[{"embeddable":true,"href":"https:\/\/cpsplimaycallao.org.pe\/pagos\/wp-json\/wp\/v2\/media\/63917"}],"wp:attachment":[{"href":"https:\/\/cpsplimaycallao.org.pe\/pagos\/wp-json\/wp\/v2\/media?parent=63916"}],"wp:term":[{"taxonomy":"product_brand","embeddable":true,"href":"https:\/\/cpsplimaycallao.org.pe\/pagos\/wp-json\/wp\/v2\/product_brand?post=63916"},{"taxonomy":"product_cat","embeddable":true,"href":"https:\/\/cpsplimaycallao.org.pe\/pagos\/wp-json\/wp\/v2\/product_cat?post=63916"},{"taxonomy":"product_tag","embeddable":true,"href":"https:\/\/cpsplimaycallao.org.pe\/pagos\/wp-json\/wp\/v2\/product_tag?post=63916"}],"curies":[{"name":"wp","href":"https:\/\/api.w.org\/{rel}","templated":true}]}}