{"id":61993,"date":"2026-01-22T23:39:51","date_gmt":"2026-01-23T04:39:51","guid":{"rendered":"https:\/\/cpsplimaycallao.org.pe\/pagos\/?post_type=product&#038;p=61993"},"modified":"2026-01-22T23:39:51","modified_gmt":"2026-01-23T04:39:51","slug":"conferencia-29-enero2026","status":"publish","type":"product","link":"https:\/\/cpsplimaycallao.org.pe\/pagos\/producto\/conferencia-29-enero2026\/","title":{"rendered":"Trastornos del Neurodesarrollo infantil de la teor\u00eda a la pr\u00e1ctica cl\u00ednica"},"content":{"rendered":"<h4><strong>Ponente:<\/strong><br \/>\n<strong>Ps. Henrich Villanueva<\/strong><\/p>\n<p>Certificado (opcional, registrar asistencia en el evento) S\/ 20<br \/>\nContacto al 905 454 487<\/h4>\n<p>29 de enero de 2026<br \/>\nde 7:00pm &#8211; 8:30pm.<\/p>\n<p><strong><em>Nota.- Al realizar el pago en l\u00ednea recuerde digitar correctamente su n\u00famero de DNI o CE<\/em><\/strong><\/p>\n","protected":false},"excerpt":{"rendered":"<h4><strong>Ponente:<\/strong><br \/>\n<strong>Ps. Henrich Villanueva<\/strong><\/p>\n<p>Certificado (opcional, registrar asistencia en el evento) S\/ 20<br \/>\nContacto al 905 454 487<\/h4>\n<p>29 de enero de 2026<br \/>\nde 7:00pm &#8211; 8:30pm.<\/p>\n<p><strong><em>Nota.- Al realizar el pago en l\u00ednea recuerde digitar correctamente su n\u00famero de DNI o CE<\/em><\/strong><\/p>\n","protected":false},"featured_media":61994,"template":"","meta":{"_et_pb_use_builder":"","_et_pb_old_content":"","_et_gb_content_width":""},"product_brand":[],"product_cat":[23],"product_tag":[],"class_list":{"0":"post-61993","1":"product","2":"type-product","3":"status-publish","4":"has-post-thumbnail","6":"product_cat-cursos-y-conferencias","8":"first","9":"instock","10":"virtual","11":"purchasable","12":"product-type-simple"},"tiered_pricing_type":"fixed","tiered_pricing_fixed_rules":[],"tiered_pricing_product_settings":{"layout":"default","base_unit_name":{"singular":null,"plural":null},"default_variation":null},"tiered_pricing_minimum_quantity":null,"tiered_pricing_roles_data":[],"tiered_pricing_percentage_rules":[],"_links":{"self":[{"href":"https:\/\/cpsplimaycallao.org.pe\/pagos\/wp-json\/wp\/v2\/product\/61993","targetHints":{"allow":["GET"]}}],"collection":[{"href":"https:\/\/cpsplimaycallao.org.pe\/pagos\/wp-json\/wp\/v2\/product"}],"about":[{"href":"https:\/\/cpsplimaycallao.org.pe\/pagos\/wp-json\/wp\/v2\/types\/product"}],"wp:featuredmedia":[{"embeddable":true,"href":"https:\/\/cpsplimaycallao.org.pe\/pagos\/wp-json\/wp\/v2\/media\/61994"}],"wp:attachment":[{"href":"https:\/\/cpsplimaycallao.org.pe\/pagos\/wp-json\/wp\/v2\/media?parent=61993"}],"wp:term":[{"taxonomy":"product_brand","embeddable":true,"href":"https:\/\/cpsplimaycallao.org.pe\/pagos\/wp-json\/wp\/v2\/product_brand?post=61993"},{"taxonomy":"product_cat","embeddable":true,"href":"https:\/\/cpsplimaycallao.org.pe\/pagos\/wp-json\/wp\/v2\/product_cat?post=61993"},{"taxonomy":"product_tag","embeddable":true,"href":"https:\/\/cpsplimaycallao.org.pe\/pagos\/wp-json\/wp\/v2\/product_tag?post=61993"}],"curies":[{"name":"wp","href":"https:\/\/api.w.org\/{rel}","templated":true}]}}