{"id":52829,"date":"2025-12-01T17:09:17","date_gmt":"2025-12-01T22:09:17","guid":{"rendered":"https:\/\/cpsplimaycallao.org.pe\/pagos\/?post_type=product&#038;p=52829"},"modified":"2025-12-01T17:09:17","modified_gmt":"2025-12-01T22:09:17","slug":"conf-11-dic-2025","status":"publish","type":"product","link":"https:\/\/cpsplimaycallao.org.pe\/pagos\/producto\/conf-11-dic-2025\/","title":{"rendered":"Instrument Hunter: C\u00f3mo encontrar instrumentos para investigaci\u00f3n cient\u00edfica"},"content":{"rendered":"<h4><strong>Ponente:<\/strong><br \/>\n<strong>Ps. Nikolai Rodas<\/strong><\/p>\n<p>Certificado (opcional, registrar asistencia en el evento) S\/ 20<br \/>\nContacto al 905 454 487<\/h4>\n<p>11 Diciembre<br \/>\nde 4pm &#8211; 6pm.<\/p>\n<p><em>Nota.- Al realizar el pago en l\u00ednea recuerde digitar correctamente su n\u00famero de DNI o CE<\/em><\/p>\n","protected":false},"excerpt":{"rendered":"<h4><strong>Ponente:<\/strong><br \/>\n<strong>Ps. Nikolai Rodas<\/strong><\/p>\n<p>Certificado (opcional, registrar asistencia en el evento) S\/ 20<br \/>\nContacto al 905 454 487<\/h4>\n<p>11 Diciembre<br \/>\nde 4pm &#8211; 6pm.<\/p>\n<p><em>Nota.- Al realizar el pago en l\u00ednea recuerde digitar correctamente su n\u00famero de DNI o CE<\/em><\/p>\n","protected":false},"featured_media":52830,"template":"","meta":{"_et_pb_use_builder":"","_et_pb_old_content":"","_et_gb_content_width":""},"product_brand":[],"product_cat":[23],"product_tag":[],"class_list":{"0":"post-52829","1":"product","2":"type-product","3":"status-publish","4":"has-post-thumbnail","6":"product_cat-cursos-y-conferencias","8":"first","9":"instock","10":"virtual","11":"purchasable","12":"product-type-simple"},"tiered_pricing_type":"fixed","tiered_pricing_fixed_rules":[],"tiered_pricing_product_settings":{"layout":"default","base_unit_name":{"singular":null,"plural":null},"default_variation":null},"tiered_pricing_minimum_quantity":null,"tiered_pricing_roles_data":[],"tiered_pricing_percentage_rules":[],"_links":{"self":[{"href":"https:\/\/cpsplimaycallao.org.pe\/pagos\/wp-json\/wp\/v2\/product\/52829","targetHints":{"allow":["GET"]}}],"collection":[{"href":"https:\/\/cpsplimaycallao.org.pe\/pagos\/wp-json\/wp\/v2\/product"}],"about":[{"href":"https:\/\/cpsplimaycallao.org.pe\/pagos\/wp-json\/wp\/v2\/types\/product"}],"wp:featuredmedia":[{"embeddable":true,"href":"https:\/\/cpsplimaycallao.org.pe\/pagos\/wp-json\/wp\/v2\/media\/52830"}],"wp:attachment":[{"href":"https:\/\/cpsplimaycallao.org.pe\/pagos\/wp-json\/wp\/v2\/media?parent=52829"}],"wp:term":[{"taxonomy":"product_brand","embeddable":true,"href":"https:\/\/cpsplimaycallao.org.pe\/pagos\/wp-json\/wp\/v2\/product_brand?post=52829"},{"taxonomy":"product_cat","embeddable":true,"href":"https:\/\/cpsplimaycallao.org.pe\/pagos\/wp-json\/wp\/v2\/product_cat?post=52829"},{"taxonomy":"product_tag","embeddable":true,"href":"https:\/\/cpsplimaycallao.org.pe\/pagos\/wp-json\/wp\/v2\/product_tag?post=52829"}],"curies":[{"name":"wp","href":"https:\/\/api.w.org\/{rel}","templated":true}]}}