{"id":50036,"date":"2025-11-20T14:48:13","date_gmt":"2025-11-20T19:48:13","guid":{"rendered":"https:\/\/cpsplimaycallao.org.pe\/pagos\/?post_type=product&#038;p=50036"},"modified":"2025-11-20T14:50:11","modified_gmt":"2025-11-20T19:50:11","slug":"coloquio-27nov2025","status":"publish","type":"product","link":"https:\/\/cpsplimaycallao.org.pe\/pagos\/producto\/coloquio-27nov2025\/","title":{"rendered":"Coloquio: Desaf\u00edos actuales en la elaboraci\u00f3n de tesis de psicolog\u00eda en Per\u00fa"},"content":{"rendered":"<h4><strong>Moderador:<\/strong><br \/>\n<strong>Ps. V\u00edctor Urbano<\/strong><\/h4>\n<p>Certificado (opcional, registrar asistencia en el evento) S\/ 20<br \/>\nContacto al 905 454 487<\/p>\n<p>27 Noviembre<br \/>\nde 8pm &#8211; 10pm.<\/p>\n<p><em>Nota.- Al realizar el pago en l\u00ednea recuerde digitar correctamente su n\u00famero de DNI o CE<\/em><\/p>\n","protected":false},"excerpt":{"rendered":"<h4><strong>Moderador:<\/strong><br \/>\n<strong>Ps. V\u00edctor Urbano<\/strong><\/h4>\n<p>Certificado (opcional, registrar asistencia en el evento) S\/ 20<br \/>\nContacto al 905 454 487<\/p>\n<p>27 Noviembre<br \/>\nde 8pm &#8211; 10pm.<\/p>\n<p><em>Nota.- Al realizar el pago en l\u00ednea recuerde digitar correctamente su n\u00famero de DNI o CE<\/em><\/p>\n","protected":false},"featured_media":50037,"template":"","meta":{"_et_pb_use_builder":"","_et_pb_old_content":"","_et_gb_content_width":""},"product_brand":[],"product_cat":[23],"product_tag":[],"class_list":{"0":"post-50036","1":"product","2":"type-product","3":"status-publish","4":"has-post-thumbnail","6":"product_cat-cursos-y-conferencias","8":"first","9":"instock","10":"virtual","11":"purchasable","12":"product-type-simple"},"tiered_pricing_type":"fixed","tiered_pricing_fixed_rules":[],"tiered_pricing_product_settings":{"layout":"default","base_unit_name":{"singular":null,"plural":null},"default_variation":null},"tiered_pricing_minimum_quantity":null,"tiered_pricing_roles_data":[],"tiered_pricing_percentage_rules":[],"_links":{"self":[{"href":"https:\/\/cpsplimaycallao.org.pe\/pagos\/wp-json\/wp\/v2\/product\/50036","targetHints":{"allow":["GET"]}}],"collection":[{"href":"https:\/\/cpsplimaycallao.org.pe\/pagos\/wp-json\/wp\/v2\/product"}],"about":[{"href":"https:\/\/cpsplimaycallao.org.pe\/pagos\/wp-json\/wp\/v2\/types\/product"}],"wp:featuredmedia":[{"embeddable":true,"href":"https:\/\/cpsplimaycallao.org.pe\/pagos\/wp-json\/wp\/v2\/media\/50037"}],"wp:attachment":[{"href":"https:\/\/cpsplimaycallao.org.pe\/pagos\/wp-json\/wp\/v2\/media?parent=50036"}],"wp:term":[{"taxonomy":"product_brand","embeddable":true,"href":"https:\/\/cpsplimaycallao.org.pe\/pagos\/wp-json\/wp\/v2\/product_brand?post=50036"},{"taxonomy":"product_cat","embeddable":true,"href":"https:\/\/cpsplimaycallao.org.pe\/pagos\/wp-json\/wp\/v2\/product_cat?post=50036"},{"taxonomy":"product_tag","embeddable":true,"href":"https:\/\/cpsplimaycallao.org.pe\/pagos\/wp-json\/wp\/v2\/product_tag?post=50036"}],"curies":[{"name":"wp","href":"https:\/\/api.w.org\/{rel}","templated":true}]}}