{"id":49777,"date":"2025-11-19T12:55:07","date_gmt":"2025-11-19T17:55:07","guid":{"rendered":"https:\/\/cpsplimaycallao.org.pe\/pagos\/?post_type=product&#038;p=49777"},"modified":"2025-11-19T17:34:15","modified_gmt":"2025-11-19T22:34:15","slug":"curso-20-nov-2025","status":"publish","type":"product","link":"https:\/\/cpsplimaycallao.org.pe\/pagos\/producto\/curso-20-nov-2025\/","title":{"rendered":"Conferencia Virtual Psicoeducaci\u00f3n para la prevenci\u00f3n en violencia: Intervenci\u00f3n cl\u00ednica y forense centrada en la autonom\u00eda femenina"},"content":{"rendered":"<h4><strong>Ponente:<\/strong><br \/>\n<strong>Ps. Stefany Chero<\/strong><\/h4>\n<p>Certificado (opcional, registrar asistencia en el evento) S\/ 20<br \/>\nContacto al 905 454 487<\/p>\n<p><strong>20 Noviembre<\/strong><br \/>\n<strong>de 5pm &#8211; 6:30pm.<\/strong><\/p>\n<ul>\n<li><em>Al realizar el pago en l\u00ednea recuerde digitar correctamente su n\u00famero de DNI o CE.<\/em><\/li>\n<\/ul>\n","protected":false},"excerpt":{"rendered":"<h4><strong>Ponente:<\/strong><br \/>\n<strong>Ps. Stefany Chero<\/strong><\/h4>\n<p>Certificado (opcional, registrar asistencia en el evento) S\/ 20<br \/>\nContacto al 905 454 487<\/p>\n<p><strong>20 Noviembre<\/strong><br \/>\n<strong>de 5pm &#8211; 6:30pm.<\/strong><\/p>\n<ul>\n<li><em>Al realizar el pago en l\u00ednea recuerde digitar correctamente su n\u00famero de DNI o CE.<\/em><\/li>\n<\/ul>\n","protected":false},"featured_media":49779,"template":"","meta":{"_et_pb_use_builder":"","_et_pb_old_content":"","_et_gb_content_width":""},"product_brand":[],"product_cat":[23],"product_tag":[],"class_list":{"0":"post-49777","1":"product","2":"type-product","3":"status-publish","4":"has-post-thumbnail","6":"product_cat-cursos-y-conferencias","8":"first","9":"instock","10":"virtual","11":"purchasable","12":"product-type-simple"},"tiered_pricing_type":"fixed","tiered_pricing_fixed_rules":[],"tiered_pricing_product_settings":{"layout":"default","base_unit_name":{"singular":null,"plural":null},"default_variation":null},"tiered_pricing_minimum_quantity":null,"tiered_pricing_roles_data":[],"tiered_pricing_percentage_rules":[],"_links":{"self":[{"href":"https:\/\/cpsplimaycallao.org.pe\/pagos\/wp-json\/wp\/v2\/product\/49777","targetHints":{"allow":["GET"]}}],"collection":[{"href":"https:\/\/cpsplimaycallao.org.pe\/pagos\/wp-json\/wp\/v2\/product"}],"about":[{"href":"https:\/\/cpsplimaycallao.org.pe\/pagos\/wp-json\/wp\/v2\/types\/product"}],"wp:featuredmedia":[{"embeddable":true,"href":"https:\/\/cpsplimaycallao.org.pe\/pagos\/wp-json\/wp\/v2\/media\/49779"}],"wp:attachment":[{"href":"https:\/\/cpsplimaycallao.org.pe\/pagos\/wp-json\/wp\/v2\/media?parent=49777"}],"wp:term":[{"taxonomy":"product_brand","embeddable":true,"href":"https:\/\/cpsplimaycallao.org.pe\/pagos\/wp-json\/wp\/v2\/product_brand?post=49777"},{"taxonomy":"product_cat","embeddable":true,"href":"https:\/\/cpsplimaycallao.org.pe\/pagos\/wp-json\/wp\/v2\/product_cat?post=49777"},{"taxonomy":"product_tag","embeddable":true,"href":"https:\/\/cpsplimaycallao.org.pe\/pagos\/wp-json\/wp\/v2\/product_tag?post=49777"}],"curies":[{"name":"wp","href":"https:\/\/api.w.org\/{rel}","templated":true}]}}