{"id":46240,"date":"2025-10-29T10:51:17","date_gmt":"2025-10-29T15:51:17","guid":{"rendered":"https:\/\/cpsplimaycallao.org.pe\/pagos\/?post_type=product&#038;p=46240"},"modified":"2025-10-29T10:51:40","modified_gmt":"2025-10-29T15:51:40","slug":"conferencia-05-nov-2025","status":"publish","type":"product","link":"https:\/\/cpsplimaycallao.org.pe\/pagos\/producto\/conferencia-05-nov-2025\/","title":{"rendered":"Conferencia Virtual: El delito de omisi\u00f3n a la asistencia familiar: consideraciones psicosociales e intervenci\u00f3n"},"content":{"rendered":"<p><strong>Ponente: Ps. Jos\u00e9 Ze\u00f1as<\/strong><br \/>\n<em>Certificado (opcional, registrar asistencia en el evento) S\/ 20<\/em><br \/>\n<strong>Contacto al 905 454 487<\/strong><br \/>\nFecha: 5 Noviembre<br \/>\nHora:\u00a0 4pm &#8211; 6pm.<\/p>\n","protected":false},"excerpt":{"rendered":"<p><strong>Ponente: Ps. Jos\u00e9 Ze\u00f1as<\/strong><br \/>\n<em>Certificado (opcional, registrar asistencia en el evento) S\/ 20<\/em><br \/>\n<strong>Contacto al 905 454 487<\/strong><br \/>\nFecha: 5 Noviembre<br \/>\nHora:\u00a0 4pm &#8211; 6pm.<\/p>\n","protected":false},"featured_media":46243,"template":"","meta":{"_et_pb_use_builder":"","_et_pb_old_content":"","_et_gb_content_width":""},"product_brand":[],"product_cat":[23],"product_tag":[],"class_list":{"0":"post-46240","1":"product","2":"type-product","3":"status-publish","4":"has-post-thumbnail","6":"product_cat-cursos-y-conferencias","8":"first","9":"instock","10":"virtual","11":"purchasable","12":"product-type-simple"},"tiered_pricing_type":"fixed","tiered_pricing_fixed_rules":[],"tiered_pricing_product_settings":{"layout":"default","base_unit_name":{"singular":null,"plural":null},"default_variation":null},"tiered_pricing_minimum_quantity":null,"tiered_pricing_roles_data":[],"tiered_pricing_percentage_rules":[],"_links":{"self":[{"href":"https:\/\/cpsplimaycallao.org.pe\/pagos\/wp-json\/wp\/v2\/product\/46240","targetHints":{"allow":["GET"]}}],"collection":[{"href":"https:\/\/cpsplimaycallao.org.pe\/pagos\/wp-json\/wp\/v2\/product"}],"about":[{"href":"https:\/\/cpsplimaycallao.org.pe\/pagos\/wp-json\/wp\/v2\/types\/product"}],"wp:featuredmedia":[{"embeddable":true,"href":"https:\/\/cpsplimaycallao.org.pe\/pagos\/wp-json\/wp\/v2\/media\/46243"}],"wp:attachment":[{"href":"https:\/\/cpsplimaycallao.org.pe\/pagos\/wp-json\/wp\/v2\/media?parent=46240"}],"wp:term":[{"taxonomy":"product_brand","embeddable":true,"href":"https:\/\/cpsplimaycallao.org.pe\/pagos\/wp-json\/wp\/v2\/product_brand?post=46240"},{"taxonomy":"product_cat","embeddable":true,"href":"https:\/\/cpsplimaycallao.org.pe\/pagos\/wp-json\/wp\/v2\/product_cat?post=46240"},{"taxonomy":"product_tag","embeddable":true,"href":"https:\/\/cpsplimaycallao.org.pe\/pagos\/wp-json\/wp\/v2\/product_tag?post=46240"}],"curies":[{"name":"wp","href":"https:\/\/api.w.org\/{rel}","templated":true}]}}