{"id":35935,"date":"2025-08-20T12:30:02","date_gmt":"2025-08-20T17:30:02","guid":{"rendered":"https:\/\/cpsplimaycallao.org.pe\/pagos\/?post_type=product&#038;p=35935"},"modified":"2025-09-17T09:52:24","modified_gmt":"2025-09-17T14:52:24","slug":"seminario-04-oct-estudiantes","status":"publish","type":"product","link":"https:\/\/cpsplimaycallao.org.pe\/pagos\/producto\/seminario-04-oct-estudiantes\/","title":{"rendered":"[ESTUDIANTES] Seminario Internacional de Psicolog\u00eda Forense Jur\u00eddica y Penitenciaria"},"content":{"rendered":"<h4><strong>Oferta v\u00e1lida hasta el 16 de Setiembre<\/strong><\/h4>\n<h4><strong>PAGO PARA ESTUDIANTES<\/strong><\/h4>\n<p>FECHA:\u00a0<b>04\/10\/2025<\/b>\u00a0&#8211; HORA:\u00a0<b>08:30<\/b><\/p>\n<p>4 y 5 de octubre &#8211; 8:30 AM &#8211; 7:00 PM<br \/>\nModalidad Presencial y virtual<br \/>\nAforo presencial 100 participantes<\/p>\n<p><em><strong>Luego de realizar el pago registre su n\u00famero de pedido en el formulario de inscripci\u00f3n:<\/strong><\/em><\/p>\n<p><em><strong>https:\/\/cpsplimaycallao.org.pe\/link\/seminario-ps-forense-jur<\/strong><\/em><\/p>\n","protected":false},"excerpt":{"rendered":"<h4><strong>Oferta v\u00e1lida hasta el 16 de Setiembre<\/strong><\/h4>\n<h4><strong>PAGO PARA ESTUDIANTES<\/strong><\/h4>\n<p>FECHA:\u00a0<b>04\/10\/2025<\/b>\u00a0&#8211; HORA:\u00a0<b>08:30<\/b><\/p>\n<p>4 y 5 de octubre &#8211; 8:30 AM &#8211; 7:00 PM<br \/>\nModalidad Presencial y virtual<br \/>\nAforo presencial 100 participantes<\/p>\n<p><em><strong>Luego de realizar el pago registre su n\u00famero de pedido en el formulario de inscripci\u00f3n:<\/strong><\/em><\/p>\n<p><em><strong>https:\/\/cpsplimaycallao.org.pe\/link\/seminario-ps-forense-jur<\/strong><\/em><\/p>\n","protected":false},"featured_media":35921,"template":"","meta":{"_et_pb_use_builder":"","_et_pb_old_content":"","_et_gb_content_width":""},"product_brand":[],"product_cat":[32],"product_tag":[],"class_list":{"0":"post-35935","1":"product","2":"type-product","3":"status-publish","4":"has-post-thumbnail","6":"product_cat-pagos-especiales","8":"first","9":"instock","10":"virtual","11":"purchasable","12":"product-type-simple"},"tiered_pricing_type":"fixed","tiered_pricing_fixed_rules":[],"tiered_pricing_product_settings":{"layout":"default","base_unit_name":{"singular":null,"plural":null},"default_variation":null},"tiered_pricing_minimum_quantity":null,"tiered_pricing_roles_data":[],"tiered_pricing_percentage_rules":[],"_links":{"self":[{"href":"https:\/\/cpsplimaycallao.org.pe\/pagos\/wp-json\/wp\/v2\/product\/35935","targetHints":{"allow":["GET"]}}],"collection":[{"href":"https:\/\/cpsplimaycallao.org.pe\/pagos\/wp-json\/wp\/v2\/product"}],"about":[{"href":"https:\/\/cpsplimaycallao.org.pe\/pagos\/wp-json\/wp\/v2\/types\/product"}],"wp:featuredmedia":[{"embeddable":true,"href":"https:\/\/cpsplimaycallao.org.pe\/pagos\/wp-json\/wp\/v2\/media\/35921"}],"wp:attachment":[{"href":"https:\/\/cpsplimaycallao.org.pe\/pagos\/wp-json\/wp\/v2\/media?parent=35935"}],"wp:term":[{"taxonomy":"product_brand","embeddable":true,"href":"https:\/\/cpsplimaycallao.org.pe\/pagos\/wp-json\/wp\/v2\/product_brand?post=35935"},{"taxonomy":"product_cat","embeddable":true,"href":"https:\/\/cpsplimaycallao.org.pe\/pagos\/wp-json\/wp\/v2\/product_cat?post=35935"},{"taxonomy":"product_tag","embeddable":true,"href":"https:\/\/cpsplimaycallao.org.pe\/pagos\/wp-json\/wp\/v2\/product_tag?post=35935"}],"curies":[{"name":"wp","href":"https:\/\/api.w.org\/{rel}","templated":true}]}}