{"id":22335,"date":"2025-05-13T17:17:33","date_gmt":"2025-05-13T22:17:33","guid":{"rendered":"https:\/\/cpsplimaycallao.org.pe\/pagos\/?post_type=product&#038;p=22335"},"modified":"2025-05-13T17:33:00","modified_gmt":"2025-05-13T22:33:00","slug":"formato-psicologico","status":"publish","type":"product","link":"https:\/\/cpsplimaycallao.org.pe\/pagos\/producto\/formato-psicologico\/","title":{"rendered":"Formato Psicol\u00f3gico"},"content":{"rendered":"<p>Una vez realizado el pago del Formato Psicol\u00f3gico en L\u00ednea, comun\u00edquese con el \u00c1rea de Tesorer\u00eda a los siguientes n\u00fameros:<br \/>\n<em>*** Es requisito estar habilitado<\/em><\/p>\n<p>Tel\u00e9fonos: 960 990 963\u00a0 \u2013 960 988 498\u00a0 \u2013 905 454 401<\/p>\n<p><strong>Para coordinar la entrega f\u00edsica del documento.<\/strong><\/p>\n<p>&nbsp;<\/p>\n","protected":false},"excerpt":{"rendered":"<p>Una vez realizado el pago del Formato Psicol\u00f3gico en L\u00ednea, comun\u00edquese con el \u00c1rea de Tesorer\u00eda a los siguientes n\u00fameros:<br \/>\n<em>*** Es requisito estar habilitado<\/em><\/p>\n<p>Tel\u00e9fonos: 960 990 963\u00a0 \u2013 960 988 498\u00a0 \u2013 905 454 401<\/p>\n<p><strong>Para coordinar la entrega f\u00edsica del documento.<\/strong><\/p>\n","protected":false},"featured_media":22339,"template":"","meta":{"_et_pb_use_builder":"","_et_pb_old_content":"","_et_gb_content_width":""},"product_brand":[],"product_cat":[24],"product_tag":[],"class_list":{"0":"post-22335","1":"product","2":"type-product","3":"status-publish","4":"has-post-thumbnail","6":"product_cat-tramites-y-tarifas","8":"first","9":"instock","10":"virtual","11":"purchasable","12":"product-type-simple"},"tiered_pricing_type":"fixed","tiered_pricing_fixed_rules":[],"tiered_pricing_product_settings":{"layout":"default","base_unit_name":{"singular":null,"plural":null},"default_variation":null},"tiered_pricing_minimum_quantity":null,"tiered_pricing_roles_data":[],"tiered_pricing_percentage_rules":[],"_links":{"self":[{"href":"https:\/\/cpsplimaycallao.org.pe\/pagos\/wp-json\/wp\/v2\/product\/22335","targetHints":{"allow":["GET"]}}],"collection":[{"href":"https:\/\/cpsplimaycallao.org.pe\/pagos\/wp-json\/wp\/v2\/product"}],"about":[{"href":"https:\/\/cpsplimaycallao.org.pe\/pagos\/wp-json\/wp\/v2\/types\/product"}],"wp:featuredmedia":[{"embeddable":true,"href":"https:\/\/cpsplimaycallao.org.pe\/pagos\/wp-json\/wp\/v2\/media\/22339"}],"wp:attachment":[{"href":"https:\/\/cpsplimaycallao.org.pe\/pagos\/wp-json\/wp\/v2\/media?parent=22335"}],"wp:term":[{"taxonomy":"product_brand","embeddable":true,"href":"https:\/\/cpsplimaycallao.org.pe\/pagos\/wp-json\/wp\/v2\/product_brand?post=22335"},{"taxonomy":"product_cat","embeddable":true,"href":"https:\/\/cpsplimaycallao.org.pe\/pagos\/wp-json\/wp\/v2\/product_cat?post=22335"},{"taxonomy":"product_tag","embeddable":true,"href":"https:\/\/cpsplimaycallao.org.pe\/pagos\/wp-json\/wp\/v2\/product_tag?post=22335"}],"curies":[{"name":"wp","href":"https:\/\/api.w.org\/{rel}","templated":true}]}}