{"id":14,"date":"2024-02-03T15:38:57","date_gmt":"2024-02-03T15:38:57","guid":{"rendered":"https:\/\/cpsplimaycallao.org.pe\/pagos\/?post_type=product&#038;p=14"},"modified":"2025-09-03T12:17:29","modified_gmt":"2025-09-03T17:17:29","slug":"aporte-mensual","status":"publish","type":"product","link":"https:\/\/cpsplimaycallao.org.pe\/pagos\/producto\/aporte-mensual\/","title":{"rendered":"Aporte mensual"},"content":{"rendered":"<ul>\n<li>Pague sus aportes mensuales aqu\u00ed.<br \/>\nIndique el n\u00famero de aportes que desea pagar (cada aporte representa un mes de pago).<\/li>\n<li>Su pago ser\u00e1 procesado en un lapso de 24 a 48 horas. Y se actualizar\u00e1 la situaci\u00f3n de habilidad en la p\u00e1gina Web.<\/li>\n<\/ul>\n","protected":false},"excerpt":{"rendered":"<p><img loading=\"lazy\" decoding=\"async\" class=\"alignnone size-full wp-image-2054 aligncenter\" src=\"https:\/\/cpsplimaycallao.org.pe\/pagos\/wp-content\/uploads\/2024\/02\/logos-tarjetas-y40.png\" alt=\"\" width=\"248\" height=\"40\" \/><\/p>\n<ul>\n<li>Pague sus aportes mensuales aqu\u00ed.<br \/>\nIndique el n\u00famero de aportes que desea pagar (cada aporte representa un mes de pago).<\/li>\n<li>Su pago ser\u00e1 procesado en un lapso de 24 a 48 horas. Y se actualizar\u00e1 la situaci\u00f3n de habilidad en la p\u00e1gina Web.<\/li>\n<\/ul>\n","protected":false},"featured_media":158,"template":"","meta":{"_et_pb_use_builder":"","_et_pb_old_content":"","_et_gb_content_width":""},"product_brand":[],"product_cat":[24],"product_tag":[],"class_list":{"0":"post-14","1":"product","2":"type-product","3":"status-publish","4":"has-post-thumbnail","6":"product_cat-tramites-y-tarifas","8":"first","9":"instock","10":"virtual","11":"purchasable","12":"product-type-simple"},"tiered_pricing_type":"fixed","tiered_pricing_fixed_rules":[],"tiered_pricing_product_settings":{"layout":"default","base_unit_name":{"singular":null,"plural":null},"default_variation":null},"tiered_pricing_minimum_quantity":null,"tiered_pricing_roles_data":[],"tiered_pricing_percentage_rules":[],"_links":{"self":[{"href":"https:\/\/cpsplimaycallao.org.pe\/pagos\/wp-json\/wp\/v2\/product\/14","targetHints":{"allow":["GET"]}}],"collection":[{"href":"https:\/\/cpsplimaycallao.org.pe\/pagos\/wp-json\/wp\/v2\/product"}],"about":[{"href":"https:\/\/cpsplimaycallao.org.pe\/pagos\/wp-json\/wp\/v2\/types\/product"}],"wp:featuredmedia":[{"embeddable":true,"href":"https:\/\/cpsplimaycallao.org.pe\/pagos\/wp-json\/wp\/v2\/media\/158"}],"wp:attachment":[{"href":"https:\/\/cpsplimaycallao.org.pe\/pagos\/wp-json\/wp\/v2\/media?parent=14"}],"wp:term":[{"taxonomy":"product_brand","embeddable":true,"href":"https:\/\/cpsplimaycallao.org.pe\/pagos\/wp-json\/wp\/v2\/product_brand?post=14"},{"taxonomy":"product_cat","embeddable":true,"href":"https:\/\/cpsplimaycallao.org.pe\/pagos\/wp-json\/wp\/v2\/product_cat?post=14"},{"taxonomy":"product_tag","embeddable":true,"href":"https:\/\/cpsplimaycallao.org.pe\/pagos\/wp-json\/wp\/v2\/product_tag?post=14"}],"curies":[{"name":"wp","href":"https:\/\/api.w.org\/{rel}","templated":true}]}}