{"id":8,"date":"2024-02-03T15:31:48","date_gmt":"2024-02-03T15:31:48","guid":{"rendered":"https:\/\/cpsplimaycallao.org.pe\/pagos\/index.php\/carrito\/"},"modified":"2024-02-03T15:31:48","modified_gmt":"2024-02-03T15:31:48","slug":"carrito","status":"publish","type":"page","link":"https:\/\/cpsplimaycallao.org.pe\/pagos\/carrito\/","title":{"rendered":"Carrito"},"content":{"rendered":"\n<div data-block-name=\"woocommerce\/cart\" class=\"wp-block-woocommerce-cart alignwide is-loading\">\n<div data-block-name=\"woocommerce\/filled-cart-block\" class=\"wp-block-woocommerce-filled-cart-block\">\n<div data-block-name=\"woocommerce\/cart-items-block\" class=\"wp-block-woocommerce-cart-items-block\">\n<div data-block-name=\"woocommerce\/cart-line-items-block\" class=\"wp-block-woocommerce-cart-line-items-block\"><\/div>\n\n\n\n<div data-block-name=\"woocommerce\/cart-cross-sells-block\" class=\"wp-block-woocommerce-cart-cross-sells-block\">\n<h2 class=\"wp-block-heading has-large-font-size\">Puede que te interese\u2026<\/h2>\n\n\n\n<div data-block-name=\"woocommerce\/cart-cross-sells-products-block\" class=\"wp-block-woocommerce-cart-cross-sells-products-block\"><\/div>\n<\/div>\n<\/div>\n\n\n\n<div data-block-name=\"woocommerce\/cart-totals-block\" class=\"wp-block-woocommerce-cart-totals-block\">\n<div data-block-name=\"woocommerce\/cart-order-summary-block\" class=\"wp-block-woocommerce-cart-order-summary-block\">\n<div data-block-name=\"woocommerce\/cart-order-summary-heading-block\" class=\"wp-block-woocommerce-cart-order-summary-heading-block\"><\/div><div data-block-name=\"woocommerce\/cart-order-summary-coupon-form-block\" class=\"wp-block-woocommerce-cart-order-summary-coupon-form-block\"><\/div><div data-block-name=\"woocommerce\/cart-order-summary-totals-block\" class=\"wp-block-woocommerce-cart-order-summary-totals-block\">\n<div data-block-name=\"woocommerce\/cart-order-summary-subtotal-block\" class=\"wp-block-woocommerce-cart-order-summary-subtotal-block\"><\/div>\n<div data-block-name=\"woocommerce\/cart-order-summary-discount-block\" class=\"wp-block-woocommerce-cart-order-summary-discount-block\"><\/div>\n<div data-block-name=\"woocommerce\/cart-order-summary-fee-block\" class=\"wp-block-woocommerce-cart-order-summary-fee-block\"><\/div>\n<div data-block-name=\"woocommerce\/cart-order-summary-shipping-block\" class=\"wp-block-woocommerce-cart-order-summary-shipping-block\"><\/div>\n<div data-block-name=\"woocommerce\/cart-order-summary-taxes-block\" class=\"wp-block-woocommerce-cart-order-summary-taxes-block\"><\/div><\/div>\n<\/div>\n\n\n\n<div data-block-name=\"woocommerce\/cart-express-payment-block\" class=\"wp-block-woocommerce-cart-express-payment-block\"><\/div>\n\n\n\n<div data-block-name=\"woocommerce\/proceed-to-checkout-block\" class=\"wp-block-woocommerce-proceed-to-checkout-block\"><\/div>\n\n\n\n<div data-block-name=\"woocommerce\/cart-accepted-payment-methods-block\" class=\"wp-block-woocommerce-cart-accepted-payment-methods-block\"><\/div>\n<\/div>\n<\/div>\n\n\n\n<div data-block-name=\"woocommerce\/empty-cart-block\" class=\"wp-block-woocommerce-empty-cart-block\">\n<h2 class=\"wp-block-heading has-text-align-center with-empty-cart-icon wc-block-cart__empty-cart__title\">\u00a1Tu carrito est\u00e1 actualmente vac\u00edo!<\/h2>\n\n\n\n<hr class=\"wp-block-separator has-alpha-channel-opacity is-style-dots\"\/>\n\n\n\n<h2 class=\"wp-block-heading has-text-align-center\">Nuevo en la tienda<\/h2>\n\n\n<div data-block-name=\"woocommerce\/product-new\" data-columns=\"4\" data-rows=\"1\" class=\"wc-block-grid wp-block-product-new wp-block-woocommerce-product-new wc-block-product-new has-4-columns\"><ul class=\"wc-block-grid__products\"><li class=\"wc-block-grid__product\">\n\t\t\t\t<a href=\"https:\/\/cpsplimaycallao.org.pe\/pagos\/producto\/precongreso-16abril\/\" class=\"wc-block-grid__product-link\">\n\t\t\t\t\t\n\t\t\t\t\t<div class=\"wc-block-grid__product-image\"><img loading=\"lazy\" decoding=\"async\" width=\"300\" height=\"300\" src=\"https:\/\/cpsplimaycallao.org.pe\/pagos\/wp-content\/uploads\/2026\/04\/precongreso-mas-alla-del-estres-300x300.jpg\" class=\"attachment-woocommerce_thumbnail size-woocommerce_thumbnail\" alt=\"Conferencia Virtual: Mas All\u00e1 del Estr\u00e9s Laboral, estrategias para Comprenderlo desde la Psicolog\u00eda de la Salud\" \/><\/div>\n\t\t\t\t\t<div class=\"wc-block-grid__product-title\">Conferencia Virtual: Mas All\u00e1 del Estr\u00e9s Laboral, estrategias para Comprenderlo desde la Psicolog\u00eda de la Salud<\/div>\n\t\t\t\t<\/a>\n\t\t\t\t<div class=\"wc-block-grid__product-price price\">\t\t<span class=\"tiered-pricing-dynamic-price-wrapper\" data-display-context=\"shop-loop\" data-price-type=\"no-rules\" data-product-id=\"75757\" data-parent-id=\"75757\">\n\t\t\t<span class=\"woocommerce-Price-amount amount\"><span class=\"woocommerce-Price-currencySymbol\">S\/<\/span>&nbsp;20.00<\/span><\/span><\/div>\n\t\t\t\t\n\t\t\t\t<div class=\"wp-block-button wc-block-grid__product-add-to-cart\"><a href=\"\/pagos\/wp-json\/wp\/v2\/pages\/8?add-to-cart=75757\" aria-label=\"A\u00f1adir al carrito: &ldquo;Conferencia Virtual: Mas All\u00e1 del Estr\u00e9s Laboral, estrategias para Comprenderlo desde la Psicolog\u00eda de la Salud&rdquo;\" data-quantity=\"1\" data-product_id=\"75757\" data-product_sku=\"PreCongr-16abril\" data-price=\"20\" rel=\"nofollow\" class=\"wp-block-button__link  add_to_cart_button ajax_add_to_cart\">A\u00f1adir al carrito<\/a><\/div>\n\t\t\t<\/li><li class=\"wc-block-grid__product\">\n\t\t\t\t<a href=\"https:\/\/cpsplimaycallao.org.pe\/pagos\/producto\/precongreso-15abril\/\" class=\"wc-block-grid__product-link\">\n\t\t\t\t\t\n\t\t\t\t\t<div class=\"wc-block-grid__product-image\"><img loading=\"lazy\" decoding=\"async\" width=\"300\" height=\"300\" src=\"https:\/\/cpsplimaycallao.org.pe\/pagos\/wp-content\/uploads\/2026\/04\/precongreso-abordaje-ansiedad-300x300.jpg\" class=\"attachment-woocommerce_thumbnail size-woocommerce_thumbnail\" alt=\"Conferencia Virtual: Abordaje de Ansiedad desde la Psicoterapia Breve\" \/><\/div>\n\t\t\t\t\t<div class=\"wc-block-grid__product-title\">Conferencia Virtual: Abordaje de Ansiedad desde la Psicoterapia Breve<\/div>\n\t\t\t\t<\/a>\n\t\t\t\t<div class=\"wc-block-grid__product-price price\">\t\t<span class=\"tiered-pricing-dynamic-price-wrapper\" data-display-context=\"shop-loop\" data-price-type=\"no-rules\" data-product-id=\"75754\" data-parent-id=\"75754\">\n\t\t\t<span class=\"woocommerce-Price-amount amount\"><span class=\"woocommerce-Price-currencySymbol\">S\/<\/span>&nbsp;20.00<\/span><\/span><\/div>\n\t\t\t\t\n\t\t\t\t<div class=\"wp-block-button wc-block-grid__product-add-to-cart\"><a href=\"\/pagos\/wp-json\/wp\/v2\/pages\/8?add-to-cart=75754\" aria-label=\"A\u00f1adir al carrito: &ldquo;Conferencia Virtual: Abordaje de Ansiedad desde la Psicoterapia Breve&rdquo;\" data-quantity=\"1\" data-product_id=\"75754\" data-product_sku=\"PreCongr-15abril\" data-price=\"20\" rel=\"nofollow\" class=\"wp-block-button__link  add_to_cart_button ajax_add_to_cart\">A\u00f1adir al carrito<\/a><\/div>\n\t\t\t<\/li><li class=\"wc-block-grid__product\">\n\t\t\t\t<a href=\"https:\/\/cpsplimaycallao.org.pe\/pagos\/producto\/precongreso-14abril\/\" class=\"wc-block-grid__product-link\">\n\t\t\t\t\t\n\t\t\t\t\t<div class=\"wc-block-grid__product-image\"><img loading=\"lazy\" decoding=\"async\" width=\"300\" height=\"300\" src=\"https:\/\/cpsplimaycallao.org.pe\/pagos\/wp-content\/uploads\/2026\/04\/precongreso-quien-es-el-paciente-300x300.jpg\" class=\"attachment-woocommerce_thumbnail size-woocommerce_thumbnail\" alt=\"Conferencia Virtual: \u00bfQui\u00e9n es el paciente contempor\u00e1neo? El impacto de las redes sociales y de la inteligencia artificial en la salud mental\" \/><\/div>\n\t\t\t\t\t<div class=\"wc-block-grid__product-title\">Conferencia Virtual: \u00bfQui\u00e9n es el paciente contempor\u00e1neo? El impacto de las redes sociales y de la inteligencia artificial en la salud mental<\/div>\n\t\t\t\t<\/a>\n\t\t\t\t<div class=\"wc-block-grid__product-price price\">\t\t<span class=\"tiered-pricing-dynamic-price-wrapper\" data-display-context=\"shop-loop\" data-price-type=\"no-rules\" data-product-id=\"75746\" data-parent-id=\"75746\">\n\t\t\t<span class=\"woocommerce-Price-amount amount\"><span class=\"woocommerce-Price-currencySymbol\">S\/<\/span>&nbsp;20.00<\/span><\/span><\/div>\n\t\t\t\t\n\t\t\t\t<div class=\"wp-block-button wc-block-grid__product-add-to-cart\"><a href=\"\/pagos\/wp-json\/wp\/v2\/pages\/8?add-to-cart=75746\" aria-label=\"A\u00f1adir al carrito: &ldquo;Conferencia Virtual: \u00bfQui\u00e9n es el paciente contempor\u00e1neo? El impacto de las redes sociales y de la inteligencia artificial en la salud mental&rdquo;\" data-quantity=\"1\" data-product_id=\"75746\" data-product_sku=\"PreCongr-14abril\" data-price=\"20\" rel=\"nofollow\" class=\"wp-block-button__link  add_to_cart_button ajax_add_to_cart\">A\u00f1adir al carrito<\/a><\/div>\n\t\t\t<\/li><li class=\"wc-block-grid__product\">\n\t\t\t\t<a href=\"https:\/\/cpsplimaycallao.org.pe\/pagos\/producto\/precongreso-10abrl\/\" class=\"wc-block-grid__product-link\">\n\t\t\t\t\t\n\t\t\t\t\t<div class=\"wc-block-grid__product-image\"><img loading=\"lazy\" decoding=\"async\" width=\"300\" height=\"300\" src=\"https:\/\/cpsplimaycallao.org.pe\/pagos\/wp-content\/uploads\/2026\/04\/precongreso-el-arte-de-sostener-lo-insostenible-300x300.jpg\" class=\"attachment-woocommerce_thumbnail size-woocommerce_thumbnail\" alt=\"Conferencia Virtual: El Arte de Sostener lo Insostenible - Psicolog\u00eda del Apego al Dolor en Relaciones Destructivas\" \/><\/div>\n\t\t\t\t\t<div class=\"wc-block-grid__product-title\">Conferencia Virtual: El Arte de Sostener lo Insostenible &#8211; Psicolog\u00eda del Apego al Dolor en Relaciones Destructivas<\/div>\n\t\t\t\t<\/a>\n\t\t\t\t<div class=\"wc-block-grid__product-price price\">\t\t<span class=\"tiered-pricing-dynamic-price-wrapper\" data-display-context=\"shop-loop\" data-price-type=\"no-rules\" data-product-id=\"75743\" data-parent-id=\"75743\">\n\t\t\t<span class=\"woocommerce-Price-amount amount\"><span class=\"woocommerce-Price-currencySymbol\">S\/<\/span>&nbsp;20.00<\/span><\/span><\/div>\n\t\t\t\t\n\t\t\t\t<div class=\"wp-block-button wc-block-grid__product-add-to-cart\"><a href=\"\/pagos\/wp-json\/wp\/v2\/pages\/8?add-to-cart=75743\" aria-label=\"A\u00f1adir al carrito: &ldquo;Conferencia Virtual: El Arte de Sostener lo Insostenible - Psicolog\u00eda del Apego al Dolor en Relaciones Destructivas&rdquo;\" data-quantity=\"1\" data-product_id=\"75743\" data-product_sku=\"PreCongr-10abril\" data-price=\"20\" rel=\"nofollow\" class=\"wp-block-button__link  add_to_cart_button ajax_add_to_cart\">A\u00f1adir al carrito<\/a><\/div>\n\t\t\t<\/li><\/ul><\/div><\/div>\n<\/div>\n","protected":false},"excerpt":{"rendered":"","protected":false},"author":1,"featured_media":0,"parent":0,"menu_order":0,"comment_status":"closed","ping_status":"closed","template":"","meta":{"_et_pb_use_builder":"","_et_pb_old_content":"","_et_gb_content_width":"","footnotes":""},"class_list":["post-8","page","type-page","status-publish","hentry"],"_links":{"self":[{"href":"https:\/\/cpsplimaycallao.org.pe\/pagos\/wp-json\/wp\/v2\/pages\/8","targetHints":{"allow":["GET"]}}],"collection":[{"href":"https:\/\/cpsplimaycallao.org.pe\/pagos\/wp-json\/wp\/v2\/pages"}],"about":[{"href":"https:\/\/cpsplimaycallao.org.pe\/pagos\/wp-json\/wp\/v2\/types\/page"}],"author":[{"embeddable":true,"href":"https:\/\/cpsplimaycallao.org.pe\/pagos\/wp-json\/wp\/v2\/users\/1"}],"replies":[{"embeddable":true,"href":"https:\/\/cpsplimaycallao.org.pe\/pagos\/wp-json\/wp\/v2\/comments?post=8"}],"version-history":[{"count":0,"href":"https:\/\/cpsplimaycallao.org.pe\/pagos\/wp-json\/wp\/v2\/pages\/8\/revisions"}],"wp:attachment":[{"href":"https:\/\/cpsplimaycallao.org.pe\/pagos\/wp-json\/wp\/v2\/media?parent=8"}],"curies":[{"name":"wp","href":"https:\/\/api.w.org\/{rel}","templated":true}]}}